{"id":13,"date":"2020-08-08T09:02:53","date_gmt":"2020-08-08T09:02:53","guid":{"rendered":"https:\/\/stimmbar.ch\/wordpress\/?page_id=13"},"modified":"2020-08-18T19:27:50","modified_gmt":"2020-08-18T17:27:50","slug":"leitung","status":"publish","type":"page","link":"https:\/\/stimmbar.ch\/?page_id=13","title":{"rendered":"Leitung"},"content":{"rendered":"\r\n<div class=\"wp-block-columns is-layout-flex wp-container-3\">\r\n<div class=\"wp-block-column is-layout-flow\" style=\"flex-basis: 33.33%;\">\r\n<figure class=\"wp-block-image size-large\"><img decoding=\"async\" loading=\"lazy\" width=\"284\" height=\"597\" class=\"wp-image-212\" src=\"https:\/\/stimmbar.ch\/wp-content\/uploads\/2020\/08\/mark.jpg\" alt=\"\" srcset=\"https:\/\/stimmbar.ch\/wp-content\/uploads\/2020\/08\/mark.jpg 284w, https:\/\/stimmbar.ch\/wp-content\/uploads\/2020\/08\/mark-143x300.jpg 143w\" sizes=\"(max-width: 284px) 100vw, 284px\" \/>\r\n<figcaption><strong>Mark B. Lay<\/strong><\/figcaption>\r\n<\/figure>\r\n<\/div>\r\n\r\n\r\n\r\n<div class=\"wp-block-column is-layout-flow\" style=\"flex-basis: 66.66%;\">\r\n<p>Schon seit fr\u00fchester Jugend geh\u00f6rt der Gesang zu den wichtigsten Dingen im Leben von Mark B. Lay.<br \/>Seine unz\u00e4hligen Konzerte trugen ihn nach Amerika, Japan, England, Frankreich und Deutschland.<\/p>\r\n\r\n\r\n\r\n<p>Seine Rollen als Musicaldarsteller waren:<br \/>\u2013 Berger (Hair)<br \/>\u2013 Joseph, Potiphar und Jacob (Joseph and the amazing technicolor Dreamcoat)<br \/>\u2013 Jesus und Judas (Jesus Christ Superstar)<br \/>\u2013 \u201eDoc\u201c (West Side Story)<\/p>\r\n\r\n\r\n\r\n<p>Mark arbeitet immer wieder als Fernseh Vocal Coach. Zuletzt f\u00fcr \u201eSuperstar\u201c TV3+ oder \u201eHappy Day\u201c und \u201eVoices of Switzerland\u201c von SF-DRS.<br \/>Er ist musikalischer Leiter diverser Theaterproduktionen und leitet drei Ch\u00f6re in Suhr, Brugg und im F\u00fcrstentum Liechtenstein. Mark ist regelm\u00e4ssiger Gastdozent bei AKI, Luzern, H\u00f6here P\u00e4dagogische Schule, St. Gallen, Hochschule der K\u00fcnste, Bern, VBMS Verband Bernischer Musikschulen, Bern. Aber auch in Deutschland, Tokio, New York und London ist Mark sehr gefragt. Sein breites Wissen basiert auf seiner Erfahrung und der Zusammenarbeit mit Musikwissenschaftlern, Produzenten, P\u00e4dagogen, Phoniatern und Logop\u00e4den.<\/p>\r\n\r\n\r\n\r\n<p>Das Leben musikalisch, also mit Rhythmus und Harmonie zu gestalten, ist Mark\u2019s Lebensmotto.<\/p>\r\n<\/div>\r\n<\/div>\r\n","protected":false},"excerpt":{"rendered":"<p>Schon seit fr\u00fchester Jugend geh\u00f6rt der Gesang zu den wichtigsten Dingen im Leben von Mark B. Lay.Seine unz\u00e4hligen Konzerte trugen ihn nach Amerika, Japan, England, Frankreich und Deutschland. Seine Rollen als Musicaldarsteller waren:\u2013 Berger (Hair)\u2013 Joseph, Potiphar und Jacob (Joseph and the amazing technicolor Dreamcoat)\u2013 Jesus und Judas (Jesus Christ Superstar)\u2013 \u201eDoc\u201c (West Side Story) [&hellip;]<\/p>\n","protected":false},"author":1,"featured_media":0,"parent":0,"menu_order":0,"comment_status":"closed","ping_status":"closed","template":"","meta":[],"_links":{"self":[{"href":"https:\/\/stimmbar.ch\/index.php?rest_route=\/wp\/v2\/pages\/13"}],"collection":[{"href":"https:\/\/stimmbar.ch\/index.php?rest_route=\/wp\/v2\/pages"}],"about":[{"href":"https:\/\/stimmbar.ch\/index.php?rest_route=\/wp\/v2\/types\/page"}],"author":[{"embeddable":true,"href":"https:\/\/stimmbar.ch\/index.php?rest_route=\/wp\/v2\/users\/1"}],"replies":[{"embeddable":true,"href":"https:\/\/stimmbar.ch\/index.php?rest_route=%2Fwp%2Fv2%2Fcomments&post=13"}],"version-history":[{"count":7,"href":"https:\/\/stimmbar.ch\/index.php?rest_route=\/wp\/v2\/pages\/13\/revisions"}],"predecessor-version":[{"id":292,"href":"https:\/\/stimmbar.ch\/index.php?rest_route=\/wp\/v2\/pages\/13\/revisions\/292"}],"wp:attachment":[{"href":"https:\/\/stimmbar.ch\/index.php?rest_route=%2Fwp%2Fv2%2Fmedia&parent=13"}],"curies":[{"name":"wp","href":"https:\/\/api.w.org\/{rel}","templated":true}]}}