{"id":39,"date":"2020-08-09T09:32:12","date_gmt":"2020-08-09T09:32:12","guid":{"rendered":"https:\/\/stimmbar.ch\/wordpress\/?page_id=39"},"modified":"2024-08-22T21:04:50","modified_gmt":"2024-08-22T19:04:50","slug":"vocal-coaching","status":"publish","type":"page","link":"https:\/\/stimmbar.ch\/?page_id=39","title":{"rendered":"Vocal Coaching"},"content":{"rendered":"<p>Stimmtraining f\u00fcr alle die gerne mal ihre eigene Singstimme entdecken und weiterentwickeln m\u00f6chte.<\/p>\n<p><strong>Daten \/ Zeit<\/strong><br \/>\nNoch offen<\/p>\n<p><strong>Thema<\/strong><br \/>\nKleine Theorie zu Beginn, dann Aufw\u00e4rmen und anschliessend spannende Infos und \u00dcbungen rund um das Thema Stimmbildung, Tonplatzierungen, Lufts\u00e4ule, Belting und den nat\u00fcrlichen Klang.<\/p>\n<p><strong>Ort<\/strong><br \/>\nAula Schulhaus Feld in Suhr<\/p>\n<p><strong>Kosten<\/strong><br \/>\nFr. 25.- pro Abend (Betrag wird direkt am jeweiligen Abend eingezogen)<\/p>\n<p><strong>Anmeldung<\/strong><br \/>\nInformationen werden freigeschaltet, wenn ein Vocal Coaching wieder geplant wird.<\/p>\n<p>&nbsp;<\/p>\n","protected":false},"excerpt":{"rendered":"<p>Stimmtraining f\u00fcr alle die gerne mal ihre eigene Singstimme entdecken und weiterentwickeln m\u00f6chte. Daten \/ Zeit Noch offen Thema Kleine Theorie zu Beginn, dann Aufw\u00e4rmen und anschliessend spannende Infos und \u00dcbungen rund um das Thema Stimmbildung, Tonplatzierungen, Lufts\u00e4ule, Belting und den nat\u00fcrlichen Klang. Ort Aula Schulhaus Feld in Suhr Kosten Fr. 25.- pro Abend (Betrag [&hellip;]<\/p>\n","protected":false},"author":1,"featured_media":0,"parent":0,"menu_order":0,"comment_status":"closed","ping_status":"closed","template":"","meta":[],"_links":{"self":[{"href":"https:\/\/stimmbar.ch\/index.php?rest_route=\/wp\/v2\/pages\/39"}],"collection":[{"href":"https:\/\/stimmbar.ch\/index.php?rest_route=\/wp\/v2\/pages"}],"about":[{"href":"https:\/\/stimmbar.ch\/index.php?rest_route=\/wp\/v2\/types\/page"}],"author":[{"embeddable":true,"href":"https:\/\/stimmbar.ch\/index.php?rest_route=\/wp\/v2\/users\/1"}],"replies":[{"embeddable":true,"href":"https:\/\/stimmbar.ch\/index.php?rest_route=%2Fwp%2Fv2%2Fcomments&post=39"}],"version-history":[{"count":8,"href":"https:\/\/stimmbar.ch\/index.php?rest_route=\/wp\/v2\/pages\/39\/revisions"}],"predecessor-version":[{"id":2202,"href":"https:\/\/stimmbar.ch\/index.php?rest_route=\/wp\/v2\/pages\/39\/revisions\/2202"}],"wp:attachment":[{"href":"https:\/\/stimmbar.ch\/index.php?rest_route=%2Fwp%2Fv2%2Fmedia&parent=39"}],"curies":[{"name":"wp","href":"https:\/\/api.w.org\/{rel}","templated":true}]}}