{"id":405,"date":"2020-10-08T21:04:52","date_gmt":"2020-10-08T19:04:52","guid":{"rendered":"https:\/\/stimmbar.ch\/?page_id=405"},"modified":"2026-03-15T09:22:10","modified_gmt":"2026-03-15T08:22:10","slug":"stimmbar-verlinkt-2","status":"publish","type":"page","link":"https:\/\/stimmbar.ch\/?page_id=405","title":{"rendered":"Stimmbar verlinkt"},"content":{"rendered":"<p><strong>Facebook Stimmbar<\/strong><\/p>\n<p>Noch mehr von Stimmbar, bitte \u201elike\u201c uns auf:<\/p>\n<p><img decoding=\"async\" loading=\"lazy\" class=\"alignnone wp-image-228\" src=\"https:\/\/stimmbar.ch\/wp-content\/uploads\/2020\/08\/facebook.png\" alt=\"\" width=\"159\" height=\"159\" \/><\/p>\n<p><a href=\"https:\/\/www.facebook.com\/groups\/287239748067906\/?ref=br_rs\" target=\"_blank\" rel=\"noopener noreferrer\">stimmbar | facebook.com<\/a><\/p>\n<hr \/>\n<p><strong>Gesundheits-Praxis<\/strong><\/p>\n<p>K\u00f6rpertherapie &amp; Entspannung von \u201eEhren-Stimmb\u00e4rin\u201c Iris Vogt-Bl\u00e4ttler<\/p>\n<p><img decoding=\"async\" loading=\"lazy\" class=\"alignnone wp-image-242\" src=\"https:\/\/stimmbar.ch\/wp-content\/uploads\/2020\/08\/Gesundheits-Praxis.jpg\" alt=\"\" width=\"749\" height=\"246\" srcset=\"https:\/\/stimmbar.ch\/wp-content\/uploads\/2020\/08\/Gesundheits-Praxis.jpg 2232w, https:\/\/stimmbar.ch\/wp-content\/uploads\/2020\/08\/Gesundheits-Praxis-300x99.jpg 300w, https:\/\/stimmbar.ch\/wp-content\/uploads\/2020\/08\/Gesundheits-Praxis-1024x337.jpg 1024w, https:\/\/stimmbar.ch\/wp-content\/uploads\/2020\/08\/Gesundheits-Praxis-768x253.jpg 768w, https:\/\/stimmbar.ch\/wp-content\/uploads\/2020\/08\/Gesundheits-Praxis-1536x505.jpg 1536w, https:\/\/stimmbar.ch\/wp-content\/uploads\/2020\/08\/Gesundheits-Praxis-2048x673.jpg 2048w\" sizes=\"(max-width: 749px) 100vw, 749px\" \/><\/p>\n<p><a href=\"https:\/\/www.gesundheitspraxis.li\/\" target=\"_blank\" rel=\"noopener noreferrer\">gesundheitspraxis.li<\/a><\/p>\n<hr \/>\n<p><strong>Hundeleinen<\/strong><\/p>\n<p>Beim Stimmb\u00e4ren Sandro Amatucci k\u00f6nnen wundersch\u00f6ne Hundeleinen bestellt werden.<\/p>\n<p><img decoding=\"async\" loading=\"lazy\" class=\"wp-image-229 alignleft\" src=\"https:\/\/stimmbar.ch\/wp-content\/uploads\/2020\/08\/ESS200820042.jpg\" alt=\"\" width=\"185\" height=\"245\" \/> <img decoding=\"async\" loading=\"lazy\" class=\"wp-image-282 alignleft\" src=\"https:\/\/stimmbar.ch\/wp-content\/uploads\/2020\/08\/leinen-2.png\" alt=\"\" width=\"313\" height=\"245\" srcset=\"https:\/\/stimmbar.ch\/wp-content\/uploads\/2020\/08\/leinen-2.png 1295w, https:\/\/stimmbar.ch\/wp-content\/uploads\/2020\/08\/leinen-2-300x235.png 300w, https:\/\/stimmbar.ch\/wp-content\/uploads\/2020\/08\/leinen-2-1024x802.png 1024w, https:\/\/stimmbar.ch\/wp-content\/uploads\/2020\/08\/leinen-2-768x601.png 768w\" sizes=\"(max-width: 313px) 100vw, 313px\" \/><\/p>\n<p>&nbsp;<\/p>\n<p>&nbsp;<\/p>\n<p>&nbsp;<\/p>\n<p>&nbsp;<\/p>\n<p>&nbsp;<\/p>\n<p>&nbsp;<\/p>\n<p><a href=\"https:\/\/hunde-leinen.ch\/\">Sandro&#8217;s Hundeleinen (hunde-leinen.ch)<\/a><\/p>\n<hr \/>\n<p><strong>Karaoke<\/strong><\/p>\n<p>Einmal im Monat veranstalten die Stimmb\u00e4ren Susi Tanner und Sandro Amatucci einen musikalischen Karaoke-Abend, herzlich Willkommen zum Anlass oder zu ihrer Facebook-Seite.<\/p>\n<p><img decoding=\"async\" loading=\"lazy\" class=\"alignnone wp-image-235\" src=\"https:\/\/stimmbar.ch\/wp-content\/uploads\/2020\/08\/IMG_4128-1.jpg\" alt=\"\" width=\"195\" height=\"245\" srcset=\"https:\/\/stimmbar.ch\/wp-content\/uploads\/2020\/08\/IMG_4128-1.jpg 1006w, https:\/\/stimmbar.ch\/wp-content\/uploads\/2020\/08\/IMG_4128-1-240x300.jpg 240w, https:\/\/stimmbar.ch\/wp-content\/uploads\/2020\/08\/IMG_4128-1-818x1024.jpg 818w, https:\/\/stimmbar.ch\/wp-content\/uploads\/2020\/08\/IMG_4128-1-768x962.jpg 768w\" sizes=\"(max-width: 195px) 100vw, 195px\" \/><\/p>\n<p><a href=\"https:\/\/www.facebook.com\/groups\/1597765973805108\/\" target=\"_blank\" rel=\"noopener noreferrer\">Karaoke | facebook.com<\/a><\/p>\n<hr \/>\n<p><strong>Swiss Gospel Singers<\/strong><\/p>\n<p>Der schweizerische Gospelchor; Gesang und akustische Gitarre Stimmbardirigent Mark B. Lay<\/p>\n<p><img decoding=\"async\" loading=\"lazy\" class=\"alignnone size-full wp-image-238\" src=\"https:\/\/stimmbar.ch\/wp-content\/uploads\/2020\/08\/SwissGospelChor_Logo_Web.jpg\" alt=\"\" width=\"150\" height=\"150\" \/><\/p>\n<p><a href=\"https:\/\/www.swiss-gospel-singers.ch\/\" target=\"_blank\" rel=\"noopener noreferrer\">swiss-gospel-singers.ch<\/a><\/p>\n","protected":false},"excerpt":{"rendered":"<p>Facebook Stimmbar Noch mehr von Stimmbar, bitte \u201elike\u201c uns auf: stimmbar | facebook.com Gesundheits-Praxis K\u00f6rpertherapie &amp; Entspannung von \u201eEhren-Stimmb\u00e4rin\u201c Iris Vogt-Bl\u00e4ttler gesundheitspraxis.li Hundeleinen Beim Stimmb\u00e4ren Sandro Amatucci k\u00f6nnen wundersch\u00f6ne Hundeleinen bestellt werden. &nbsp; &nbsp; &nbsp; &nbsp; &nbsp; &nbsp; Sandro&#8217;s Hundeleinen (hunde-leinen.ch) Karaoke Einmal im Monat veranstalten die Stimmb\u00e4ren Susi Tanner und Sandro Amatucci einen musikalischen [&hellip;]<\/p>\n","protected":false},"author":1,"featured_media":0,"parent":0,"menu_order":0,"comment_status":"closed","ping_status":"closed","template":"","meta":[],"_links":{"self":[{"href":"https:\/\/stimmbar.ch\/index.php?rest_route=\/wp\/v2\/pages\/405"}],"collection":[{"href":"https:\/\/stimmbar.ch\/index.php?rest_route=\/wp\/v2\/pages"}],"about":[{"href":"https:\/\/stimmbar.ch\/index.php?rest_route=\/wp\/v2\/types\/page"}],"author":[{"embeddable":true,"href":"https:\/\/stimmbar.ch\/index.php?rest_route=\/wp\/v2\/users\/1"}],"replies":[{"embeddable":true,"href":"https:\/\/stimmbar.ch\/index.php?rest_route=%2Fwp%2Fv2%2Fcomments&post=405"}],"version-history":[{"count":23,"href":"https:\/\/stimmbar.ch\/index.php?rest_route=\/wp\/v2\/pages\/405\/revisions"}],"predecessor-version":[{"id":2806,"href":"https:\/\/stimmbar.ch\/index.php?rest_route=\/wp\/v2\/pages\/405\/revisions\/2806"}],"wp:attachment":[{"href":"https:\/\/stimmbar.ch\/index.php?rest_route=%2Fwp%2Fv2%2Fmedia&parent=405"}],"curies":[{"name":"wp","href":"https:\/\/api.w.org\/{rel}","templated":true}]}}